{"id":128,"date":"2021-04-25T11:36:37","date_gmt":"2021-04-25T11:36:37","guid":{"rendered":"https:\/\/environmentalchange.erasmus.site\/?page_id=128"},"modified":"2021-07-29T11:48:59","modified_gmt":"2021-07-29T11:48:59","slug":"partners","status":"publish","type":"page","link":"https:\/\/environmentalchange.erasmus.site\/si\/partners\/","title":{"rendered":"Partnerstvo"},"content":{"rendered":"\t\t<div data-elementor-type=\"wp-page\" data-elementor-id=\"128\" class=\"elementor elementor-128\">\n\t\t\t\t\t\t<section class=\"elementor-section elementor-top-section elementor-element elementor-element-c9456dc elementor-section-full_width elementor-section-height-default elementor-section-height-default\" data-id=\"c9456dc\" data-element_type=\"section\" data-e-type=\"section\" data-settings=\"{&quot;background_background&quot;:&quot;classic&quot;}\">\n\t\t\t\t\t\t\t<div class=\"elementor-background-overlay\"><\/div>\n\t\t\t\t\t\t\t<div class=\"elementor-container elementor-column-gap-default\">\n\t\t\t\t\t<div class=\"elementor-column elementor-col-100 elementor-top-column elementor-element elementor-element-32288c1\" data-id=\"32288c1\" data-element_type=\"column\" data-e-type=\"column\">\n\t\t\t<div class=\"elementor-widget-wrap elementor-element-populated\">\n\t\t\t\t\t\t<div class=\"elementor-element elementor-element-46b7e9b elementor-widget elementor-widget-heading\" data-id=\"46b7e9b\" data-element_type=\"widget\" data-e-type=\"widget\" data-widget_type=\"heading.default\">\n\t\t\t\t<div class=\"elementor-widget-container\">\n\t\t\t\t\t<h1 class=\"elementor-heading-title elementor-size-default\">Partnership<\/h1>\t\t\t\t<\/div>\n\t\t\t\t<\/div>\n\t\t\t\t\t<\/div>\n\t\t<\/div>\n\t\t\t\t\t<\/div>\n\t\t<\/section>\n\t\t\t\t<section class=\"elementor-section elementor-top-section elementor-element elementor-element-126b76a8 elementor-section-boxed elementor-section-height-default elementor-section-height-default\" data-id=\"126b76a8\" data-element_type=\"section\" data-e-type=\"section\">\n\t\t\t\t\t\t<div class=\"elementor-container elementor-column-gap-default\">\n\t\t\t\t\t<div class=\"elementor-column elementor-col-100 elementor-top-column elementor-element elementor-element-611cffcd\" data-id=\"611cffcd\" data-element_type=\"column\" data-e-type=\"column\">\n\t\t\t<div class=\"elementor-widget-wrap elementor-element-populated\">\n\t\t\t\t\t\t<div class=\"elementor-element elementor-element-1b52c6ed elementor-widget elementor-widget-text-editor\" data-id=\"1b52c6ed\" data-element_type=\"widget\" data-e-type=\"widget\" data-widget_type=\"text-editor.default\">\n\t\t\t\t<div class=\"elementor-widget-container\">\n\t\t\t\t\t\t\t\t\t<p>We are 6 Partners from five European countries: Poland, Portugal, Greece, Slovenia and Spain. The Environmental change Consortium brings together a development agency, a university, two SMEs, a technological centre and a Vocational Training Centre of a chamber of commerce and industry.<\/p><div class=\"h5p-iframe-wrapper\"><iframe id=\"h5p-iframe-1\" class=\"h5p-iframe\" data-content-id=\"1\" style=\"height:1px\" src=\"about:blank\" frameBorder=\"0\" scrolling=\"no\" title=\"partners_EN\"><\/iframe><\/div><p><\/p><p><\/p><p><\/p><p><\/p><p><\/p>\t\t\t\t\t\t\t\t<\/div>\n\t\t\t\t<\/div>\n\t\t\t\t\t<\/div>\n\t\t<\/div>\n\t\t\t\t\t<\/div>\n\t\t<\/section>\n\t\t\t\t<\/div>\n\t\t","protected":false},"excerpt":{"rendered":"<p>Partnerstvo Partnerstvo sestavlja 6 partnerjev iz petih evropskih dr\u017eav: Poljske, Portugalske, Gr\u010dije, Slovenije in \u0160panije. Konzorcij zdru\u017euje razvojno agencijo, univerzo, dve MSP, tehnolo\u0161ki center in center za poklicno usposabljanje gospodarske zbornice.<\/p>\n","protected":false},"author":1,"featured_media":0,"parent":0,"menu_order":0,"comment_status":"closed","ping_status":"closed","template":"","meta":{"neve_meta_sidebar":"full-width","neve_meta_container":"full-width","neve_meta_enable_content_width":"on","neve_meta_content_width":100,"neve_meta_title_alignment":"","neve_meta_author_avatar":"","neve_post_elements_order":"","neve_meta_disable_header":"","neve_meta_disable_footer":"","neve_meta_disable_title":"on","footnotes":""},"class_list":["post-128","page","type-page","status-publish","hentry"],"yoast_head":"<!-- This site is optimized with the Yoast SEO plugin v27.3 - https:\/\/yoast.com\/product\/yoast-seo-wordpress\/ -->\n<title>Partnerstvo - Environmental change<\/title>\n<meta name=\"robots\" content=\"index, follow, max-snippet:-1, max-image-preview:large, max-video-preview:-1\" \/>\n<link rel=\"canonical\" href=\"https:\/\/environmentalchange.erasmus.site\/partners\/\" \/>\n<meta property=\"og:locale\" content=\"en_US\" \/>\n<meta property=\"og:type\" content=\"article\" \/>\n<meta property=\"og:title\" content=\"Partnerstvo - Environmental change\" \/>\n<meta property=\"og:description\" content=\"Partnerstvo Partnerstvo sestavlja 6 partnerjev iz petih evropskih dr\u017eav: Poljske, Portugalske, Gr\u010dije, Slovenije in \u0160panije. Konzorcij zdru\u017euje razvojno agencijo, univerzo, dve MSP, tehnolo\u0161ki center in center za poklicno usposabljanje gospodarske zbornice.\" \/>\n<meta property=\"og:url\" content=\"https:\/\/environmentalchange.erasmus.site\/partners\/\" \/>\n<meta property=\"og:site_name\" content=\"Environmental change\" \/>\n<meta property=\"article:modified_time\" content=\"2021-07-29T11:48:59+00:00\" \/>\n<meta name=\"twitter:card\" content=\"summary_large_image\" \/>\n<meta name=\"twitter:label1\" content=\"Est. reading time\" \/>\n\t<meta name=\"twitter:data1\" content=\"2 minutes\" \/>\n<script type=\"application\/ld+json\" class=\"yoast-schema-graph\">{\"@context\":\"https:\\\/\\\/schema.org\",\"@graph\":[{\"@type\":\"WebPage\",\"@id\":\"https:\\\/\\\/environmentalchange.erasmus.site\\\/partners\\\/\",\"url\":\"https:\\\/\\\/environmentalchange.erasmus.site\\\/partners\\\/\",\"name\":\"Partnerstvo - Environmental change\",\"isPartOf\":{\"@id\":\"https:\\\/\\\/environmentalchange.erasmus.site\\\/#website\"},\"datePublished\":\"2021-04-25T11:36:37+00:00\",\"dateModified\":\"2021-07-29T11:48:59+00:00\",\"breadcrumb\":{\"@id\":\"https:\\\/\\\/environmentalchange.erasmus.site\\\/partners\\\/#breadcrumb\"},\"inLanguage\":\"si-SI\",\"potentialAction\":[{\"@type\":\"ReadAction\",\"target\":[\"https:\\\/\\\/environmentalchange.erasmus.site\\\/partners\\\/\"]}]},{\"@type\":\"BreadcrumbList\",\"@id\":\"https:\\\/\\\/environmentalchange.erasmus.site\\\/partners\\\/#breadcrumb\",\"itemListElement\":[{\"@type\":\"ListItem\",\"position\":1,\"name\":\"Home\",\"item\":\"https:\\\/\\\/environmentalchange.erasmus.site\\\/\"},{\"@type\":\"ListItem\",\"position\":2,\"name\":\"Partnership\"}]},{\"@type\":\"WebSite\",\"@id\":\"https:\\\/\\\/environmentalchange.erasmus.site\\\/#website\",\"url\":\"https:\\\/\\\/environmentalchange.erasmus.site\\\/\",\"name\":\"Environmental change\",\"description\":\"Project\",\"publisher\":{\"@id\":\"https:\\\/\\\/environmentalchange.erasmus.site\\\/#organization\"},\"potentialAction\":[{\"@type\":\"SearchAction\",\"target\":{\"@type\":\"EntryPoint\",\"urlTemplate\":\"https:\\\/\\\/environmentalchange.erasmus.site\\\/?s={search_term_string}\"},\"query-input\":{\"@type\":\"PropertyValueSpecification\",\"valueRequired\":true,\"valueName\":\"search_term_string\"}}],\"inLanguage\":\"si-SI\"},{\"@type\":\"Organization\",\"@id\":\"https:\\\/\\\/environmentalchange.erasmus.site\\\/#organization\",\"name\":\"Environmental Change\",\"url\":\"https:\\\/\\\/environmentalchange.erasmus.site\\\/\",\"logo\":{\"@type\":\"ImageObject\",\"inLanguage\":\"si-SI\",\"@id\":\"https:\\\/\\\/environmentalchange.erasmus.site\\\/#\\\/schema\\\/logo\\\/image\\\/\",\"url\":\"https:\\\/\\\/environmentalchange.erasmus.site\\\/wp-content\\\/uploads\\\/2021\\\/04\\\/cropped-logoenv-removebg-preview.png\",\"contentUrl\":\"https:\\\/\\\/environmentalchange.erasmus.site\\\/wp-content\\\/uploads\\\/2021\\\/04\\\/cropped-logoenv-removebg-preview.png\",\"width\":969,\"height\":248,\"caption\":\"Environmental Change\"},\"image\":{\"@id\":\"https:\\\/\\\/environmentalchange.erasmus.site\\\/#\\\/schema\\\/logo\\\/image\\\/\"}}]}<\/script>\n<!-- \/ Yoast SEO plugin. -->","yoast_head_json":{"title":"Partnerstvo - Environmental change","robots":{"index":"index","follow":"follow","max-snippet":"max-snippet:-1","max-image-preview":"max-image-preview:large","max-video-preview":"max-video-preview:-1"},"canonical":"https:\/\/environmentalchange.erasmus.site\/partners\/","og_locale":"en_US","og_type":"article","og_title":"Partnerstvo - Environmental change","og_description":"Partnerstvo Partnerstvo sestavlja 6 partnerjev iz petih evropskih dr\u017eav: Poljske, Portugalske, Gr\u010dije, Slovenije in \u0160panije. Konzorcij zdru\u017euje razvojno agencijo, univerzo, dve MSP, tehnolo\u0161ki center in center za poklicno usposabljanje gospodarske zbornice.","og_url":"https:\/\/environmentalchange.erasmus.site\/partners\/","og_site_name":"Environmental change","article_modified_time":"2021-07-29T11:48:59+00:00","twitter_card":"summary_large_image","twitter_misc":{"Est. reading time":"2 minutes"},"schema":{"@context":"https:\/\/schema.org","@graph":[{"@type":"WebPage","@id":"https:\/\/environmentalchange.erasmus.site\/partners\/","url":"https:\/\/environmentalchange.erasmus.site\/partners\/","name":"Partnerstvo - Environmental change","isPartOf":{"@id":"https:\/\/environmentalchange.erasmus.site\/#website"},"datePublished":"2021-04-25T11:36:37+00:00","dateModified":"2021-07-29T11:48:59+00:00","breadcrumb":{"@id":"https:\/\/environmentalchange.erasmus.site\/partners\/#breadcrumb"},"inLanguage":"si-SI","potentialAction":[{"@type":"ReadAction","target":["https:\/\/environmentalchange.erasmus.site\/partners\/"]}]},{"@type":"BreadcrumbList","@id":"https:\/\/environmentalchange.erasmus.site\/partners\/#breadcrumb","itemListElement":[{"@type":"ListItem","position":1,"name":"Home","item":"https:\/\/environmentalchange.erasmus.site\/"},{"@type":"ListItem","position":2,"name":"Partnership"}]},{"@type":"WebSite","@id":"https:\/\/environmentalchange.erasmus.site\/#website","url":"https:\/\/environmentalchange.erasmus.site\/","name":"Environmental change","description":"Project","publisher":{"@id":"https:\/\/environmentalchange.erasmus.site\/#organization"},"potentialAction":[{"@type":"SearchAction","target":{"@type":"EntryPoint","urlTemplate":"https:\/\/environmentalchange.erasmus.site\/?s={search_term_string}"},"query-input":{"@type":"PropertyValueSpecification","valueRequired":true,"valueName":"search_term_string"}}],"inLanguage":"si-SI"},{"@type":"Organization","@id":"https:\/\/environmentalchange.erasmus.site\/#organization","name":"Environmental Change","url":"https:\/\/environmentalchange.erasmus.site\/","logo":{"@type":"ImageObject","inLanguage":"si-SI","@id":"https:\/\/environmentalchange.erasmus.site\/#\/schema\/logo\/image\/","url":"https:\/\/environmentalchange.erasmus.site\/wp-content\/uploads\/2021\/04\/cropped-logoenv-removebg-preview.png","contentUrl":"https:\/\/environmentalchange.erasmus.site\/wp-content\/uploads\/2021\/04\/cropped-logoenv-removebg-preview.png","width":969,"height":248,"caption":"Environmental Change"},"image":{"@id":"https:\/\/environmentalchange.erasmus.site\/#\/schema\/logo\/image\/"}}]}},"_links":{"self":[{"href":"https:\/\/environmentalchange.erasmus.site\/si\/wp-json\/wp\/v2\/pages\/128","targetHints":{"allow":["GET"]}}],"collection":[{"href":"https:\/\/environmentalchange.erasmus.site\/si\/wp-json\/wp\/v2\/pages"}],"about":[{"href":"https:\/\/environmentalchange.erasmus.site\/si\/wp-json\/wp\/v2\/types\/page"}],"author":[{"embeddable":true,"href":"https:\/\/environmentalchange.erasmus.site\/si\/wp-json\/wp\/v2\/users\/1"}],"replies":[{"embeddable":true,"href":"https:\/\/environmentalchange.erasmus.site\/si\/wp-json\/wp\/v2\/comments?post=128"}],"version-history":[{"count":41,"href":"https:\/\/environmentalchange.erasmus.site\/si\/wp-json\/wp\/v2\/pages\/128\/revisions"}],"predecessor-version":[{"id":677,"href":"https:\/\/environmentalchange.erasmus.site\/si\/wp-json\/wp\/v2\/pages\/128\/revisions\/677"}],"wp:attachment":[{"href":"https:\/\/environmentalchange.erasmus.site\/si\/wp-json\/wp\/v2\/media?parent=128"}],"curies":[{"name":"wp","href":"https:\/\/api.w.org\/{rel}","templated":true}]}}