{"id":773,"date":"2022-10-05T07:57:55","date_gmt":"2022-10-05T07:57:55","guid":{"rendered":"https:\/\/environmentalchange.erasmus.site\/?page_id=773"},"modified":"2022-11-10T11:02:53","modified_gmt":"2022-11-10T11:02:53","slug":"io1","status":"publish","type":"page","link":"https:\/\/environmentalchange.erasmus.site\/pl\/io1\/","title":{"rendered":"Program szkolenia w zakresie ochrony \u015brodowiska dla instytucji kszta\u0142cenia i szkolenia zawodowego"},"content":{"rendered":"\t\t<div data-elementor-type=\"wp-page\" data-elementor-id=\"773\" class=\"elementor elementor-773\">\n\t\t\t\t\t\t<section class=\"elementor-section elementor-top-section elementor-element elementor-element-17dc707 elementor-section-full_width elementor-section-height-default elementor-section-height-default\" data-id=\"17dc707\" data-element_type=\"section\" data-e-type=\"section\" data-settings=\"{&quot;background_background&quot;:&quot;classic&quot;}\">\n\t\t\t\t\t\t\t<div class=\"elementor-background-overlay\"><\/div>\n\t\t\t\t\t\t\t<div class=\"elementor-container elementor-column-gap-default\">\n\t\t\t\t\t<div class=\"elementor-column elementor-col-100 elementor-top-column elementor-element elementor-element-4b953df\" data-id=\"4b953df\" data-element_type=\"column\" data-e-type=\"column\">\n\t\t\t<div class=\"elementor-widget-wrap elementor-element-populated\">\n\t\t\t\t\t\t<div class=\"elementor-element elementor-element-7b0f62d elementor-widget elementor-widget-heading\" data-id=\"7b0f62d\" data-element_type=\"widget\" data-e-type=\"widget\" data-widget_type=\"heading.default\">\n\t\t\t\t<div class=\"elementor-widget-container\">\n\t\t\t\t\t<h1 class=\"elementor-heading-title elementor-size-default\">Program szkolenia w zakresie ochrony \u015brodowiska dla instytucji kszta\u0142cenia i szkolenia zawodowego<\/h1>\t\t\t\t<\/div>\n\t\t\t\t<\/div>\n\t\t\t\t\t<\/div>\n\t\t<\/div>\n\t\t\t\t\t<\/div>\n\t\t<\/section>\n\t\t\t\t<section class=\"elementor-section elementor-top-section elementor-element elementor-element-3fbd2be elementor-section-boxed elementor-section-height-default elementor-section-height-default\" data-id=\"3fbd2be\" data-element_type=\"section\" data-e-type=\"section\">\n\t\t\t\t\t\t<div class=\"elementor-container elementor-column-gap-default\">\n\t\t\t\t\t<div class=\"elementor-column elementor-col-100 elementor-top-column elementor-element elementor-element-bcb6015\" data-id=\"bcb6015\" data-element_type=\"column\" data-e-type=\"column\">\n\t\t\t<div class=\"elementor-widget-wrap elementor-element-populated\">\n\t\t\t\t\t\t<div class=\"elementor-element elementor-element-b4ee2c7 elementor-widget elementor-widget-text-editor\" data-id=\"b4ee2c7\" data-element_type=\"widget\" data-e-type=\"widget\" data-widget_type=\"text-editor.default\">\n\t\t\t\t<div class=\"elementor-widget-container\">\n\t\t\t\t\t\t\t\t\t<p><\/p><p><\/p>\r\n<!--change the width and height value as you want.--> \r\n<!-- Do change \"index.htm\" to your real html name of the flippingbook--> \r\n<iframe  style=\"width:100%;height:450px\"  src=\"https:\/\/environmentalchange.erasmus.site\/wp-content\/uploads\/flipbook\/3\/book.html\"  seamless=\"seamless\" scrolling=\"no\" frameborder=\"0\" allowtransparency=\"true\" allowfullscreen mozallowfullscreen  webkitallowfullscreen ><\/iframe>\r\n<p><\/p><p><\/p><p><\/p>\t\t\t\t\t\t\t\t<\/div>\n\t\t\t\t<\/div>\n\t\t\t\t\t<\/div>\n\t\t<\/div>\n\t\t\t\t\t<\/div>\n\t\t<\/section>\n\t\t\t\t<section class=\"elementor-section elementor-top-section elementor-element elementor-element-1492482 elementor-section-boxed elementor-section-height-default elementor-section-height-default\" data-id=\"1492482\" data-element_type=\"section\" data-e-type=\"section\">\n\t\t\t\t\t\t<div class=\"elementor-container elementor-column-gap-default\">\n\t\t\t\t\t<div class=\"elementor-column elementor-col-100 elementor-top-column elementor-element elementor-element-6e38b54\" data-id=\"6e38b54\" data-element_type=\"column\" data-e-type=\"column\">\n\t\t\t<div class=\"elementor-widget-wrap elementor-element-populated\">\n\t\t\t\t\t\t<div class=\"elementor-element elementor-element-f5ee876 elementor-align-center elementor-widget elementor-widget-button\" data-id=\"f5ee876\" data-element_type=\"widget\" data-e-type=\"widget\" data-widget_type=\"button.default\">\n\t\t\t\t<div class=\"elementor-widget-container\">\n\t\t\t\t\t\t\t\t\t<div class=\"elementor-button-wrapper\">\n\t\t\t\t\t<a class=\"elementor-button elementor-button-link elementor-size-lg\" href=\"https:\/\/environmentalchange.erasmus.site\/wp-content\/uploads\/2022\/10\/PL-PROGRAM-SZKOLENIA-W-ZAKRESIE-OCHRONY-SRODOWISKA-DLA-INSTYTUCJI-KSZTALCENIA-I-SZKOLENIA-ZAWODOWEGO.pdf\" target=\"_blank\" download=\"\">\n\t\t\t\t\t\t<span class=\"elementor-button-content-wrapper\">\n\t\t\t\t\t\t<span class=\"elementor-button-icon\">\n\t\t\t\t<i aria-hidden=\"true\" class=\"fas fa-file-download\"><\/i>\t\t\t<\/span>\n\t\t\t\t\t\t\t\t\t<span class=\"elementor-button-text\">Pobierz<\/span>\n\t\t\t\t\t<\/span>\n\t\t\t\t\t<\/a>\n\t\t\t\t<\/div>\n\t\t\t\t\t\t\t\t<\/div>\n\t\t\t\t<\/div>\n\t\t\t\t\t<\/div>\n\t\t<\/div>\n\t\t\t\t\t<\/div>\n\t\t<\/section>\n\t\t\t\t<\/div>\n\t\t","protected":false},"excerpt":{"rendered":"<p>Program szkolenia w zakresie ochrony \u015brodowiska dla instytucji kszta\u0142cenia i szkolenia zawodowego Pobierz<\/p>\n","protected":false},"author":1,"featured_media":0,"parent":0,"menu_order":0,"comment_status":"closed","ping_status":"closed","template":"page-templates\/template-pagebuilder-full-width.php","meta":{"neve_meta_sidebar":"full-width","neve_meta_container":"","neve_meta_enable_content_width":"on","neve_meta_content_width":100,"neve_meta_title_alignment":"","neve_meta_author_avatar":"","neve_post_elements_order":"","neve_meta_disable_header":"","neve_meta_disable_footer":"","neve_meta_disable_title":"","footnotes":""},"class_list":["post-773","page","type-page","status-publish","hentry"],"yoast_head":"<!-- This site is optimized with the Yoast SEO plugin v27.4 - https:\/\/yoast.com\/product\/yoast-seo-wordpress\/ -->\n<title>Program szkolenia w zakresie ochrony \u015brodowiska dla instytucji kszta\u0142cenia i szkolenia zawodowego - Environmental change<\/title>\n<meta name=\"robots\" content=\"index, follow, max-snippet:-1, max-image-preview:large, max-video-preview:-1\" \/>\n<link rel=\"canonical\" href=\"https:\/\/environmentalchange.erasmus.site\/io1\/\" \/>\n<meta property=\"og:locale\" content=\"pl_PL\" \/>\n<meta property=\"og:type\" content=\"article\" \/>\n<meta property=\"og:title\" content=\"[:en]The environmental syllabus for VET providers[:pt]Programa de forma\u00e7\u00e3o ambiental[:pl]Program szkolenia w zakresie ochrony \u015brodowiska dla instytucji kszta\u0142cenia i szkolenia zawodowego[:es]El programa de estudios medioambientales para los proveedores de FP[:el]\u03a4\u03bf \u03c0\u03b5\u03c1\u03b9\u03b2\u03b1\u03bb\u03bb\u03bf\u03bd\u03c4\u03b9\u03ba\u03cc \u03c0\u03c1\u03cc\u03b3\u03c1\u03b1\u03bc\u03bc\u03b1 \u03b3\u03b9\u03b1 \u03c4\u03bf\u03c5\u03c2 \u03c0\u03b1\u03c1\u03cc\u03c7\u03bf\u03c5\u03c2 \u03b5\u03c0\u03b1\u03b3\u03b3\u03b5\u03bb\u03bc\u03b1\u03c4\u03b9\u03ba\u03ae\u03c2 \u03ba\u03b1\u03c4\u03ac\u03c1\u03c4\u03b9\u03c3\u03b7\u03c2[:si]Okoljski izobra\u017eevalni program za ponudnike PIU[:] - Environmental change\" \/>\n<meta property=\"og:description\" content=\"Program szkolenia w zakresie ochrony \u015brodowiska dla instytucji kszta\u0142cenia i szkolenia zawodowego Pobierz\" \/>\n<meta property=\"og:url\" content=\"https:\/\/environmentalchange.erasmus.site\/io1\/\" \/>\n<meta property=\"og:site_name\" content=\"Environmental change\" \/>\n<meta property=\"article:modified_time\" content=\"2022-11-10T11:02:53+00:00\" \/>\n<meta name=\"twitter:card\" content=\"summary_large_image\" \/>\n<meta name=\"twitter:label1\" content=\"Szacowany czas czytania\" \/>\n\t<meta name=\"twitter:data1\" content=\"1 minuta\" \/>\n<script type=\"application\/ld+json\" class=\"yoast-schema-graph\">{\"@context\":\"https:\\\/\\\/schema.org\",\"@graph\":[{\"@type\":\"WebPage\",\"@id\":\"https:\\\/\\\/environmentalchange.erasmus.site\\\/io1\\\/\",\"url\":\"https:\\\/\\\/environmentalchange.erasmus.site\\\/io1\\\/\",\"name\":\"[:en]The environmental syllabus for VET providers[:pt]Programa de forma\u00e7\u00e3o ambiental[:pl]Program szkolenia w zakresie ochrony \u015brodowiska dla instytucji kszta\u0142cenia i szkolenia zawodowego[:es]El programa de estudios medioambientales para los proveedores de FP[:el]\u03a4\u03bf \u03c0\u03b5\u03c1\u03b9\u03b2\u03b1\u03bb\u03bb\u03bf\u03bd\u03c4\u03b9\u03ba\u03cc \u03c0\u03c1\u03cc\u03b3\u03c1\u03b1\u03bc\u03bc\u03b1 \u03b3\u03b9\u03b1 \u03c4\u03bf\u03c5\u03c2 \u03c0\u03b1\u03c1\u03cc\u03c7\u03bf\u03c5\u03c2 \u03b5\u03c0\u03b1\u03b3\u03b3\u03b5\u03bb\u03bc\u03b1\u03c4\u03b9\u03ba\u03ae\u03c2 \u03ba\u03b1\u03c4\u03ac\u03c1\u03c4\u03b9\u03c3\u03b7\u03c2[:si]Okoljski izobra\u017eevalni program za ponudnike PIU[:] - Environmental change\",\"isPartOf\":{\"@id\":\"https:\\\/\\\/environmentalchange.erasmus.site\\\/#website\"},\"datePublished\":\"2022-10-05T07:57:55+00:00\",\"dateModified\":\"2022-11-10T11:02:53+00:00\",\"breadcrumb\":{\"@id\":\"https:\\\/\\\/environmentalchange.erasmus.site\\\/io1\\\/#breadcrumb\"},\"inLanguage\":\"pl-PL\",\"potentialAction\":[{\"@type\":\"ReadAction\",\"target\":[\"https:\\\/\\\/environmentalchange.erasmus.site\\\/io1\\\/\"]}]},{\"@type\":\"BreadcrumbList\",\"@id\":\"https:\\\/\\\/environmentalchange.erasmus.site\\\/io1\\\/#breadcrumb\",\"itemListElement\":[{\"@type\":\"ListItem\",\"position\":1,\"name\":\"Home\",\"item\":\"https:\\\/\\\/environmentalchange.erasmus.site\\\/\"},{\"@type\":\"ListItem\",\"position\":2,\"name\":\"The environmental syllabus for VET providers\"}]},{\"@type\":\"WebSite\",\"@id\":\"https:\\\/\\\/environmentalchange.erasmus.site\\\/#website\",\"url\":\"https:\\\/\\\/environmentalchange.erasmus.site\\\/\",\"name\":\"Environmental change\",\"description\":\"Project\",\"publisher\":{\"@id\":\"https:\\\/\\\/environmentalchange.erasmus.site\\\/#organization\"},\"potentialAction\":[{\"@type\":\"SearchAction\",\"target\":{\"@type\":\"EntryPoint\",\"urlTemplate\":\"https:\\\/\\\/environmentalchange.erasmus.site\\\/?s={search_term_string}\"},\"query-input\":{\"@type\":\"PropertyValueSpecification\",\"valueRequired\":true,\"valueName\":\"search_term_string\"}}],\"inLanguage\":\"pl-PL\"},{\"@type\":\"Organization\",\"@id\":\"https:\\\/\\\/environmentalchange.erasmus.site\\\/#organization\",\"name\":\"Environmental Change\",\"url\":\"https:\\\/\\\/environmentalchange.erasmus.site\\\/\",\"logo\":{\"@type\":\"ImageObject\",\"inLanguage\":\"pl-PL\",\"@id\":\"https:\\\/\\\/environmentalchange.erasmus.site\\\/#\\\/schema\\\/logo\\\/image\\\/\",\"url\":\"https:\\\/\\\/environmentalchange.erasmus.site\\\/wp-content\\\/uploads\\\/2021\\\/04\\\/cropped-logoenv-removebg-preview.png\",\"contentUrl\":\"https:\\\/\\\/environmentalchange.erasmus.site\\\/wp-content\\\/uploads\\\/2021\\\/04\\\/cropped-logoenv-removebg-preview.png\",\"width\":969,\"height\":248,\"caption\":\"Environmental Change\"},\"image\":{\"@id\":\"https:\\\/\\\/environmentalchange.erasmus.site\\\/#\\\/schema\\\/logo\\\/image\\\/\"}}]}<\/script>\n<!-- \/ Yoast SEO plugin. -->","yoast_head_json":{"title":"[:en]The environmental syllabus for VET providers[:pt]Programa de forma\u00e7\u00e3o ambiental[:pl]Program szkolenia w zakresie ochrony \u015brodowiska dla instytucji kszta\u0142cenia i szkolenia zawodowego[:es]El programa de estudios medioambientales para los proveedores de FP[:el]\u03a4\u03bf \u03c0\u03b5\u03c1\u03b9\u03b2\u03b1\u03bb\u03bb\u03bf\u03bd\u03c4\u03b9\u03ba\u03cc \u03c0\u03c1\u03cc\u03b3\u03c1\u03b1\u03bc\u03bc\u03b1 \u03b3\u03b9\u03b1 \u03c4\u03bf\u03c5\u03c2 \u03c0\u03b1\u03c1\u03cc\u03c7\u03bf\u03c5\u03c2 \u03b5\u03c0\u03b1\u03b3\u03b3\u03b5\u03bb\u03bc\u03b1\u03c4\u03b9\u03ba\u03ae\u03c2 \u03ba\u03b1\u03c4\u03ac\u03c1\u03c4\u03b9\u03c3\u03b7\u03c2[:si]Okoljski izobra\u017eevalni program za ponudnike PIU[:] - Environmental change","robots":{"index":"index","follow":"follow","max-snippet":"max-snippet:-1","max-image-preview":"max-image-preview:large","max-video-preview":"max-video-preview:-1"},"canonical":"https:\/\/environmentalchange.erasmus.site\/io1\/","og_locale":"pl_PL","og_type":"article","og_title":"[:en]The environmental syllabus for VET providers[:pt]Programa de forma\u00e7\u00e3o ambiental[:pl]Program szkolenia w zakresie ochrony \u015brodowiska dla instytucji kszta\u0142cenia i szkolenia zawodowego[:es]El programa de estudios medioambientales para los proveedores de FP[:el]\u03a4\u03bf \u03c0\u03b5\u03c1\u03b9\u03b2\u03b1\u03bb\u03bb\u03bf\u03bd\u03c4\u03b9\u03ba\u03cc \u03c0\u03c1\u03cc\u03b3\u03c1\u03b1\u03bc\u03bc\u03b1 \u03b3\u03b9\u03b1 \u03c4\u03bf\u03c5\u03c2 \u03c0\u03b1\u03c1\u03cc\u03c7\u03bf\u03c5\u03c2 \u03b5\u03c0\u03b1\u03b3\u03b3\u03b5\u03bb\u03bc\u03b1\u03c4\u03b9\u03ba\u03ae\u03c2 \u03ba\u03b1\u03c4\u03ac\u03c1\u03c4\u03b9\u03c3\u03b7\u03c2[:si]Okoljski izobra\u017eevalni program za ponudnike PIU[:] - Environmental change","og_description":"Program szkolenia w zakresie ochrony \u015brodowiska dla instytucji kszta\u0142cenia i szkolenia zawodowego Pobierz","og_url":"https:\/\/environmentalchange.erasmus.site\/io1\/","og_site_name":"Environmental change","article_modified_time":"2022-11-10T11:02:53+00:00","twitter_card":"summary_large_image","twitter_misc":{"Szacowany czas czytania":"1 minuta"},"schema":{"@context":"https:\/\/schema.org","@graph":[{"@type":"WebPage","@id":"https:\/\/environmentalchange.erasmus.site\/io1\/","url":"https:\/\/environmentalchange.erasmus.site\/io1\/","name":"[:en]The environmental syllabus for VET providers[:pt]Programa de forma\u00e7\u00e3o ambiental[:pl]Program szkolenia w zakresie ochrony \u015brodowiska dla instytucji kszta\u0142cenia i szkolenia zawodowego[:es]El programa de estudios medioambientales para los proveedores de FP[:el]\u03a4\u03bf \u03c0\u03b5\u03c1\u03b9\u03b2\u03b1\u03bb\u03bb\u03bf\u03bd\u03c4\u03b9\u03ba\u03cc \u03c0\u03c1\u03cc\u03b3\u03c1\u03b1\u03bc\u03bc\u03b1 \u03b3\u03b9\u03b1 \u03c4\u03bf\u03c5\u03c2 \u03c0\u03b1\u03c1\u03cc\u03c7\u03bf\u03c5\u03c2 \u03b5\u03c0\u03b1\u03b3\u03b3\u03b5\u03bb\u03bc\u03b1\u03c4\u03b9\u03ba\u03ae\u03c2 \u03ba\u03b1\u03c4\u03ac\u03c1\u03c4\u03b9\u03c3\u03b7\u03c2[:si]Okoljski izobra\u017eevalni program za ponudnike PIU[:] - Environmental change","isPartOf":{"@id":"https:\/\/environmentalchange.erasmus.site\/#website"},"datePublished":"2022-10-05T07:57:55+00:00","dateModified":"2022-11-10T11:02:53+00:00","breadcrumb":{"@id":"https:\/\/environmentalchange.erasmus.site\/io1\/#breadcrumb"},"inLanguage":"pl-PL","potentialAction":[{"@type":"ReadAction","target":["https:\/\/environmentalchange.erasmus.site\/io1\/"]}]},{"@type":"BreadcrumbList","@id":"https:\/\/environmentalchange.erasmus.site\/io1\/#breadcrumb","itemListElement":[{"@type":"ListItem","position":1,"name":"Home","item":"https:\/\/environmentalchange.erasmus.site\/"},{"@type":"ListItem","position":2,"name":"The environmental syllabus for VET providers"}]},{"@type":"WebSite","@id":"https:\/\/environmentalchange.erasmus.site\/#website","url":"https:\/\/environmentalchange.erasmus.site\/","name":"Environmental change","description":"Project","publisher":{"@id":"https:\/\/environmentalchange.erasmus.site\/#organization"},"potentialAction":[{"@type":"SearchAction","target":{"@type":"EntryPoint","urlTemplate":"https:\/\/environmentalchange.erasmus.site\/?s={search_term_string}"},"query-input":{"@type":"PropertyValueSpecification","valueRequired":true,"valueName":"search_term_string"}}],"inLanguage":"pl-PL"},{"@type":"Organization","@id":"https:\/\/environmentalchange.erasmus.site\/#organization","name":"Environmental Change","url":"https:\/\/environmentalchange.erasmus.site\/","logo":{"@type":"ImageObject","inLanguage":"pl-PL","@id":"https:\/\/environmentalchange.erasmus.site\/#\/schema\/logo\/image\/","url":"https:\/\/environmentalchange.erasmus.site\/wp-content\/uploads\/2021\/04\/cropped-logoenv-removebg-preview.png","contentUrl":"https:\/\/environmentalchange.erasmus.site\/wp-content\/uploads\/2021\/04\/cropped-logoenv-removebg-preview.png","width":969,"height":248,"caption":"Environmental Change"},"image":{"@id":"https:\/\/environmentalchange.erasmus.site\/#\/schema\/logo\/image\/"}}]}},"_links":{"self":[{"href":"https:\/\/environmentalchange.erasmus.site\/pl\/wp-json\/wp\/v2\/pages\/773","targetHints":{"allow":["GET"]}}],"collection":[{"href":"https:\/\/environmentalchange.erasmus.site\/pl\/wp-json\/wp\/v2\/pages"}],"about":[{"href":"https:\/\/environmentalchange.erasmus.site\/pl\/wp-json\/wp\/v2\/types\/page"}],"author":[{"embeddable":true,"href":"https:\/\/environmentalchange.erasmus.site\/pl\/wp-json\/wp\/v2\/users\/1"}],"replies":[{"embeddable":true,"href":"https:\/\/environmentalchange.erasmus.site\/pl\/wp-json\/wp\/v2\/comments?post=773"}],"version-history":[{"count":23,"href":"https:\/\/environmentalchange.erasmus.site\/pl\/wp-json\/wp\/v2\/pages\/773\/revisions"}],"predecessor-version":[{"id":895,"href":"https:\/\/environmentalchange.erasmus.site\/pl\/wp-json\/wp\/v2\/pages\/773\/revisions\/895"}],"wp:attachment":[{"href":"https:\/\/environmentalchange.erasmus.site\/pl\/wp-json\/wp\/v2\/media?parent=773"}],"curies":[{"name":"wp","href":"https:\/\/api.w.org\/{rel}","templated":true}]}}