{"id":11,"date":"2020-04-07T10:17:01","date_gmt":"2020-04-07T10:17:01","guid":{"rendered":"https:\/\/demosites.io\/boat-rental\/?page_id=11"},"modified":"2021-07-29T11:53:05","modified_gmt":"2021-07-29T11:53:05","slug":"contact","status":"publish","type":"page","link":"https:\/\/environmentalchange.erasmus.site\/pl\/contact\/","title":{"rendered":"Kontakt"},"content":{"rendered":"\t\t<div data-elementor-type=\"wp-page\" data-elementor-id=\"11\" class=\"elementor elementor-11\">\n\t\t\t\t\t\t<section class=\"elementor-section elementor-top-section elementor-element elementor-element-2cd948a elementor-section-full_width elementor-section-height-default elementor-section-height-default\" data-id=\"2cd948a\" data-element_type=\"section\" data-e-type=\"section\" data-settings=\"{&quot;background_background&quot;:&quot;classic&quot;}\">\n\t\t\t\t\t\t\t<div class=\"elementor-background-overlay\"><\/div>\n\t\t\t\t\t\t\t<div class=\"elementor-container elementor-column-gap-default\">\n\t\t\t\t\t<div class=\"elementor-column elementor-col-100 elementor-top-column elementor-element elementor-element-36d1eae\" data-id=\"36d1eae\" data-element_type=\"column\" data-e-type=\"column\">\n\t\t\t<div class=\"elementor-widget-wrap elementor-element-populated\">\n\t\t\t\t\t\t<div class=\"elementor-element elementor-element-85ac5d3 elementor-widget elementor-widget-heading\" data-id=\"85ac5d3\" data-element_type=\"widget\" data-e-type=\"widget\" data-widget_type=\"heading.default\">\n\t\t\t\t<div class=\"elementor-widget-container\">\n\t\t\t\t\t<h1 class=\"elementor-heading-title elementor-size-default\">Kontakt<\/h1>\t\t\t\t<\/div>\n\t\t\t\t<\/div>\n\t\t\t\t\t<\/div>\n\t\t<\/div>\n\t\t\t\t\t<\/div>\n\t\t<\/section>\n\t\t\t\t<section class=\"elementor-section elementor-top-section elementor-element elementor-element-b911779 elementor-section-boxed elementor-section-height-default elementor-section-height-default\" data-id=\"b911779\" data-element_type=\"section\" data-e-type=\"section\" data-settings=\"{&quot;background_background&quot;:&quot;classic&quot;}\">\n\t\t\t\t\t\t<div class=\"elementor-container elementor-column-gap-default\">\n\t\t\t\t\t<div class=\"elementor-column elementor-col-100 elementor-top-column elementor-element elementor-element-b3ee0be\" data-id=\"b3ee0be\" data-element_type=\"column\" data-e-type=\"column\">\n\t\t\t<div class=\"elementor-widget-wrap elementor-element-populated\">\n\t\t\t\t\t\t<section class=\"elementor-section elementor-inner-section elementor-element elementor-element-8307551 elementor-reverse-mobile elementor-section-boxed elementor-section-height-default elementor-section-height-default\" data-id=\"8307551\" data-element_type=\"section\" data-e-type=\"section\">\n\t\t\t\t\t\t<div class=\"elementor-container elementor-column-gap-default\">\n\t\t\t\t\t<div class=\"elementor-column elementor-col-50 elementor-inner-column elementor-element elementor-element-be42e5e\" data-id=\"be42e5e\" data-element_type=\"column\" data-e-type=\"column\" data-settings=\"{&quot;background_background&quot;:&quot;classic&quot;}\">\n\t\t\t<div class=\"elementor-widget-wrap elementor-element-populated\">\n\t\t\t\t\t\t<div class=\"elementor-element elementor-element-b33be42 elementor-widget elementor-widget-heading\" data-id=\"b33be42\" data-element_type=\"widget\" data-e-type=\"widget\" data-widget_type=\"heading.default\">\n\t\t\t\t<div class=\"elementor-widget-container\">\n\t\t\t\t\t<h2 class=\"elementor-heading-title elementor-size-large\">Masz jakie\u015b pytania? Wy\u015blij nam wiadomo\u015b\u0107.<\/h2>\t\t\t\t<\/div>\n\t\t\t\t<\/div>\n\t\t\t\t<div class=\"elementor-element elementor-element-a88e074 elementor-widget elementor-widget-content_form_contact\" data-id=\"a88e074\" data-element_type=\"widget\" data-e-type=\"widget\" data-widget_type=\"content_form_contact.default\">\n\t\t\t\t<div class=\"elementor-widget-container\">\n\t\t\t\t\t<form action=\"https:\/\/environmentalchange.erasmus.site\/wp-admin\/admin-post.php\" method=\"post\" name=\"content-form-a88e074\" id=\"content-form-a88e074\" class=\"ti-cf-module content-form content-form-contact content_form_contact\"><input type=\"hidden\" id=\"_wpnonce_contact\" name=\"_wpnonce_contact\" value=\"316645f258\" \/><input type=\"hidden\" name=\"_wp_http_referer\" value=\"\/pl\/wp-json\/wp\/v2\/pages\/11\" \/><input type=\"hidden\" name=\"action\" value=\"content_form_submit\" \/><input type=\"hidden\" name=\"form-type\" value=\"contact\" \/><input type=\"hidden\" name=\"form-builder\" value=\"elementor\" \/><input type=\"hidden\" name=\"post-id\" value=\"11\" \/><input type=\"hidden\" name=\"form-id\" value=\"a88e074\" \/><fieldset class=&quot;content-form-field-text elementor-column elementor-col-100&quot;><label for=\"data[a88e074][imie]\" >Imi\u0119<span class=\"required-mark\"> *<\/span><\/label><input type=\"text\" name=\"data[a88e074][imie]\" id=\"data[a88e074][imie]\" required=required  placeholder=\"Imi\u0119\"><\/fieldset><fieldset class=&quot;content-form-field-email elementor-column elementor-col-100&quot;><label for=\"data[a88e074][email]\" >Email<span class=\"required-mark\"> *<\/span><\/label><input type=\"text\" name=\"data[a88e074][email]\" id=\"data[a88e074][email]\" required=required  placeholder=\"Email\"><\/fieldset><fieldset class=&quot;content-form-field-textarea elementor-column elementor-col-100&quot;><label for=\"data[a88e074][phone]\" >Komentarz lub wiadomo\u015b\u0107<span class=\"required-mark\"> *<\/span><\/label><textarea name=\"data[a88e074][phone]\" id=\"data[a88e074][phone]\"  required=required placeholder=\"Komentarz lub wiadomo\u015b\u0107\" cols=\"30\" rows=\"5\"><\/textarea><\/fieldset><fieldset class=&quot;content-form-field-checkbox elementor-column elementor-col-100&quot;><label class=\"checkbox-input\" for=\"data[a88e074][nie-jestem-robotem]\" >Nie jestem robotem<span class=\"required-mark\"> *<\/span><input type=\"checkbox\" name=\"data[a88e074][nie-jestem-robotem]\" id=\"data[a88e074][nie-jestem-robotem]\" required=required ><\/label><\/fieldset><fieldset class=\"submit-form contact\"><button type=\"submit\" name=\"submit\"  value=\"submit-contact-a88e074\" class=\"\">Wy\u015blij wiadomo\u015b\u0107<\/button><\/fieldset><\/form>\t\t\t\t<\/div>\n\t\t\t\t<\/div>\n\t\t\t\t\t<\/div>\n\t\t<\/div>\n\t\t\t\t<div class=\"elementor-column elementor-col-50 elementor-inner-column elementor-element elementor-element-a400736\" data-id=\"a400736\" data-element_type=\"column\" data-e-type=\"column\" data-settings=\"{&quot;background_background&quot;:&quot;classic&quot;}\">\n\t\t\t<div class=\"elementor-widget-wrap elementor-element-populated\">\n\t\t\t\t\t\t<div class=\"elementor-element elementor-element-40be9e1 elementor-widget elementor-widget-image\" data-id=\"40be9e1\" data-element_type=\"widget\" data-e-type=\"widget\" data-widget_type=\"image.default\">\n\t\t\t\t<div class=\"elementor-widget-container\">\n\t\t\t\t\t\t\t\t\t\t\t\t\t\t\t<img decoding=\"async\" src=\"https:\/\/environmentalchange.erasmus.site\/wp-content\/uploads\/elementor\/thumbs\/2992779-p68tdyr09vc9pj5cya5ywiv5rm533croq41ypoxjlc.jpg\" title=\"2992779\" alt=\"2992779\" loading=\"lazy\" \/>\t\t\t\t\t\t\t\t\t\t\t\t\t\t\t<\/div>\n\t\t\t\t<\/div>\n\t\t\t\t\t<\/div>\n\t\t<\/div>\n\t\t\t\t\t<\/div>\n\t\t<\/section>\n\t\t\t\t<div class=\"elementor-element elementor-element-2a86eaa elementor-widget elementor-widget-spacer\" data-id=\"2a86eaa\" data-element_type=\"widget\" data-e-type=\"widget\" data-widget_type=\"spacer.default\">\n\t\t\t\t<div class=\"elementor-widget-container\">\n\t\t\t\t\t\t\t<div class=\"elementor-spacer\">\n\t\t\t<div class=\"elementor-spacer-inner\"><\/div>\n\t\t<\/div>\n\t\t\t\t\t\t<\/div>\n\t\t\t\t<\/div>\n\t\t\t\t<div class=\"elementor-element elementor-element-e48623b elementor-widget elementor-widget-spacer\" data-id=\"e48623b\" data-element_type=\"widget\" data-e-type=\"widget\" data-widget_type=\"spacer.default\">\n\t\t\t\t<div class=\"elementor-widget-container\">\n\t\t\t\t\t\t\t<div class=\"elementor-spacer\">\n\t\t\t<div class=\"elementor-spacer-inner\"><\/div>\n\t\t<\/div>\n\t\t\t\t\t\t<\/div>\n\t\t\t\t<\/div>\n\t\t\t\t\t<\/div>\n\t\t<\/div>\n\t\t\t\t\t<\/div>\n\t\t<\/section>\n\t\t\t\t<\/div>\n\t\t","protected":false},"excerpt":{"rendered":"<p>Kontakt Masz jakie\u015b pytania? Wy\u015blij nam wiadomo\u015b\u0107. Imi\u0119 * Email * Komentarz lub wiadomo\u015b\u0107 * Nie jestem robotem * Wy\u015blij wiadomo\u015b\u0107<\/p>\n","protected":false},"author":1,"featured_media":0,"parent":0,"menu_order":0,"comment_status":"closed","ping_status":"closed","template":"page-templates\/template-pagebuilder-full-width.php","meta":{"neve_meta_sidebar":"full-width","neve_meta_container":"","neve_meta_enable_content_width":"on","neve_meta_content_width":100,"neve_meta_title_alignment":"","neve_meta_author_avatar":"","neve_post_elements_order":"","neve_meta_disable_header":"","neve_meta_disable_footer":"","neve_meta_disable_title":"","footnotes":""},"class_list":["post-11","page","type-page","status-publish","hentry"],"yoast_head":"<!-- This site is optimized with the Yoast SEO plugin v27.3 - https:\/\/yoast.com\/product\/yoast-seo-wordpress\/ -->\n<title>Kontakt - Environmental change<\/title>\n<meta name=\"robots\" content=\"index, follow, max-snippet:-1, max-image-preview:large, max-video-preview:-1\" \/>\n<link rel=\"canonical\" href=\"https:\/\/environmentalchange.erasmus.site\/contact\/\" \/>\n<meta property=\"og:locale\" content=\"pl_PL\" \/>\n<meta property=\"og:type\" content=\"article\" \/>\n<meta property=\"og:title\" content=\"[:en]Contact[:pt]Contato[:pl]Kontakt[:es]Contacto[:sk]Kontakt[:el]\u0395\u03c0\u03b9\u03ba\u03bf\u03b9\u03bd\u03c9\u03bd\u03af\u03b1[:si]Kontakt[:] - Environmental change\" \/>\n<meta property=\"og:description\" content=\"Kontakt Masz jakie\u015b pytania? Wy\u015blij nam wiadomo\u015b\u0107. Imi\u0119 * Email * Komentarz lub wiadomo\u015b\u0107 * Nie jestem robotem * Wy\u015blij wiadomo\u015b\u0107\" \/>\n<meta property=\"og:url\" content=\"https:\/\/environmentalchange.erasmus.site\/contact\/\" \/>\n<meta property=\"og:site_name\" content=\"Environmental change\" \/>\n<meta property=\"article:modified_time\" content=\"2021-07-29T11:53:05+00:00\" \/>\n<meta property=\"og:image\" content=\"https:\/\/environmentalchange.erasmus.site\/wp-content\/uploads\/elementor\/thumbs\/2992779-p68tdyr09vc9pj5cya5ywiv5rm533croq41ypoxjlc.jpg\" \/>\n<meta name=\"twitter:card\" content=\"summary_large_image\" \/>\n<meta name=\"twitter:label1\" content=\"Szacowany czas czytania\" \/>\n\t<meta name=\"twitter:data1\" content=\"1 minuta\" \/>\n<script type=\"application\/ld+json\" class=\"yoast-schema-graph\">{\"@context\":\"https:\\\/\\\/schema.org\",\"@graph\":[{\"@type\":\"WebPage\",\"@id\":\"https:\\\/\\\/environmentalchange.erasmus.site\\\/contact\\\/\",\"url\":\"https:\\\/\\\/environmentalchange.erasmus.site\\\/contact\\\/\",\"name\":\"[:en]Contact[:pt]Contato[:pl]Kontakt[:es]Contacto[:sk]Kontakt[:el]\u0395\u03c0\u03b9\u03ba\u03bf\u03b9\u03bd\u03c9\u03bd\u03af\u03b1[:si]Kontakt[:] - Environmental change\",\"isPartOf\":{\"@id\":\"https:\\\/\\\/environmentalchange.erasmus.site\\\/#website\"},\"primaryImageOfPage\":{\"@id\":\"https:\\\/\\\/environmentalchange.erasmus.site\\\/contact\\\/#primaryimage\"},\"image\":{\"@id\":\"https:\\\/\\\/environmentalchange.erasmus.site\\\/contact\\\/#primaryimage\"},\"thumbnailUrl\":\"https:\\\/\\\/environmentalchange.erasmus.site\\\/wp-content\\\/uploads\\\/elementor\\\/thumbs\\\/2992779-p68tdyr09vc9pj5cya5ywiv5rm533croq41ypoxjlc.jpg\",\"datePublished\":\"2020-04-07T10:17:01+00:00\",\"dateModified\":\"2021-07-29T11:53:05+00:00\",\"breadcrumb\":{\"@id\":\"https:\\\/\\\/environmentalchange.erasmus.site\\\/contact\\\/#breadcrumb\"},\"inLanguage\":\"pl-PL\",\"potentialAction\":[{\"@type\":\"ReadAction\",\"target\":[\"https:\\\/\\\/environmentalchange.erasmus.site\\\/contact\\\/\"]}]},{\"@type\":\"ImageObject\",\"inLanguage\":\"pl-PL\",\"@id\":\"https:\\\/\\\/environmentalchange.erasmus.site\\\/contact\\\/#primaryimage\",\"url\":\"https:\\\/\\\/environmentalchange.erasmus.site\\\/wp-content\\\/uploads\\\/elementor\\\/thumbs\\\/2992779-p68tdyr09vc9pj5cya5ywiv5rm533croq41ypoxjlc.jpg\",\"contentUrl\":\"https:\\\/\\\/environmentalchange.erasmus.site\\\/wp-content\\\/uploads\\\/elementor\\\/thumbs\\\/2992779-p68tdyr09vc9pj5cya5ywiv5rm533croq41ypoxjlc.jpg\"},{\"@type\":\"BreadcrumbList\",\"@id\":\"https:\\\/\\\/environmentalchange.erasmus.site\\\/contact\\\/#breadcrumb\",\"itemListElement\":[{\"@type\":\"ListItem\",\"position\":1,\"name\":\"Home\",\"item\":\"https:\\\/\\\/environmentalchange.erasmus.site\\\/\"},{\"@type\":\"ListItem\",\"position\":2,\"name\":\"Contact\"}]},{\"@type\":\"WebSite\",\"@id\":\"https:\\\/\\\/environmentalchange.erasmus.site\\\/#website\",\"url\":\"https:\\\/\\\/environmentalchange.erasmus.site\\\/\",\"name\":\"Environmental change\",\"description\":\"Project\",\"publisher\":{\"@id\":\"https:\\\/\\\/environmentalchange.erasmus.site\\\/#organization\"},\"potentialAction\":[{\"@type\":\"SearchAction\",\"target\":{\"@type\":\"EntryPoint\",\"urlTemplate\":\"https:\\\/\\\/environmentalchange.erasmus.site\\\/?s={search_term_string}\"},\"query-input\":{\"@type\":\"PropertyValueSpecification\",\"valueRequired\":true,\"valueName\":\"search_term_string\"}}],\"inLanguage\":\"pl-PL\"},{\"@type\":\"Organization\",\"@id\":\"https:\\\/\\\/environmentalchange.erasmus.site\\\/#organization\",\"name\":\"Environmental Change\",\"url\":\"https:\\\/\\\/environmentalchange.erasmus.site\\\/\",\"logo\":{\"@type\":\"ImageObject\",\"inLanguage\":\"pl-PL\",\"@id\":\"https:\\\/\\\/environmentalchange.erasmus.site\\\/#\\\/schema\\\/logo\\\/image\\\/\",\"url\":\"https:\\\/\\\/environmentalchange.erasmus.site\\\/wp-content\\\/uploads\\\/2021\\\/04\\\/cropped-logoenv-removebg-preview.png\",\"contentUrl\":\"https:\\\/\\\/environmentalchange.erasmus.site\\\/wp-content\\\/uploads\\\/2021\\\/04\\\/cropped-logoenv-removebg-preview.png\",\"width\":969,\"height\":248,\"caption\":\"Environmental Change\"},\"image\":{\"@id\":\"https:\\\/\\\/environmentalchange.erasmus.site\\\/#\\\/schema\\\/logo\\\/image\\\/\"}}]}<\/script>\n<!-- \/ Yoast SEO plugin. -->","yoast_head_json":{"title":"[:en]Contact[:pt]Contato[:pl]Kontakt[:es]Contacto[:sk]Kontakt[:el]\u0395\u03c0\u03b9\u03ba\u03bf\u03b9\u03bd\u03c9\u03bd\u03af\u03b1[:si]Kontakt[:] - Environmental change","robots":{"index":"index","follow":"follow","max-snippet":"max-snippet:-1","max-image-preview":"max-image-preview:large","max-video-preview":"max-video-preview:-1"},"canonical":"https:\/\/environmentalchange.erasmus.site\/contact\/","og_locale":"pl_PL","og_type":"article","og_title":"[:en]Contact[:pt]Contato[:pl]Kontakt[:es]Contacto[:sk]Kontakt[:el]\u0395\u03c0\u03b9\u03ba\u03bf\u03b9\u03bd\u03c9\u03bd\u03af\u03b1[:si]Kontakt[:] - Environmental change","og_description":"Kontakt Masz jakie\u015b pytania? Wy\u015blij nam wiadomo\u015b\u0107. Imi\u0119 * Email * Komentarz lub wiadomo\u015b\u0107 * Nie jestem robotem * Wy\u015blij wiadomo\u015b\u0107","og_url":"https:\/\/environmentalchange.erasmus.site\/contact\/","og_site_name":"Environmental change","article_modified_time":"2021-07-29T11:53:05+00:00","og_image":[{"url":"https:\/\/environmentalchange.erasmus.site\/wp-content\/uploads\/elementor\/thumbs\/2992779-p68tdyr09vc9pj5cya5ywiv5rm533croq41ypoxjlc.jpg","type":"","width":"","height":""}],"twitter_card":"summary_large_image","twitter_misc":{"Szacowany czas czytania":"1 minuta"},"schema":{"@context":"https:\/\/schema.org","@graph":[{"@type":"WebPage","@id":"https:\/\/environmentalchange.erasmus.site\/contact\/","url":"https:\/\/environmentalchange.erasmus.site\/contact\/","name":"[:en]Contact[:pt]Contato[:pl]Kontakt[:es]Contacto[:sk]Kontakt[:el]\u0395\u03c0\u03b9\u03ba\u03bf\u03b9\u03bd\u03c9\u03bd\u03af\u03b1[:si]Kontakt[:] - Environmental change","isPartOf":{"@id":"https:\/\/environmentalchange.erasmus.site\/#website"},"primaryImageOfPage":{"@id":"https:\/\/environmentalchange.erasmus.site\/contact\/#primaryimage"},"image":{"@id":"https:\/\/environmentalchange.erasmus.site\/contact\/#primaryimage"},"thumbnailUrl":"https:\/\/environmentalchange.erasmus.site\/wp-content\/uploads\/elementor\/thumbs\/2992779-p68tdyr09vc9pj5cya5ywiv5rm533croq41ypoxjlc.jpg","datePublished":"2020-04-07T10:17:01+00:00","dateModified":"2021-07-29T11:53:05+00:00","breadcrumb":{"@id":"https:\/\/environmentalchange.erasmus.site\/contact\/#breadcrumb"},"inLanguage":"pl-PL","potentialAction":[{"@type":"ReadAction","target":["https:\/\/environmentalchange.erasmus.site\/contact\/"]}]},{"@type":"ImageObject","inLanguage":"pl-PL","@id":"https:\/\/environmentalchange.erasmus.site\/contact\/#primaryimage","url":"https:\/\/environmentalchange.erasmus.site\/wp-content\/uploads\/elementor\/thumbs\/2992779-p68tdyr09vc9pj5cya5ywiv5rm533croq41ypoxjlc.jpg","contentUrl":"https:\/\/environmentalchange.erasmus.site\/wp-content\/uploads\/elementor\/thumbs\/2992779-p68tdyr09vc9pj5cya5ywiv5rm533croq41ypoxjlc.jpg"},{"@type":"BreadcrumbList","@id":"https:\/\/environmentalchange.erasmus.site\/contact\/#breadcrumb","itemListElement":[{"@type":"ListItem","position":1,"name":"Home","item":"https:\/\/environmentalchange.erasmus.site\/"},{"@type":"ListItem","position":2,"name":"Contact"}]},{"@type":"WebSite","@id":"https:\/\/environmentalchange.erasmus.site\/#website","url":"https:\/\/environmentalchange.erasmus.site\/","name":"Environmental change","description":"Project","publisher":{"@id":"https:\/\/environmentalchange.erasmus.site\/#organization"},"potentialAction":[{"@type":"SearchAction","target":{"@type":"EntryPoint","urlTemplate":"https:\/\/environmentalchange.erasmus.site\/?s={search_term_string}"},"query-input":{"@type":"PropertyValueSpecification","valueRequired":true,"valueName":"search_term_string"}}],"inLanguage":"pl-PL"},{"@type":"Organization","@id":"https:\/\/environmentalchange.erasmus.site\/#organization","name":"Environmental Change","url":"https:\/\/environmentalchange.erasmus.site\/","logo":{"@type":"ImageObject","inLanguage":"pl-PL","@id":"https:\/\/environmentalchange.erasmus.site\/#\/schema\/logo\/image\/","url":"https:\/\/environmentalchange.erasmus.site\/wp-content\/uploads\/2021\/04\/cropped-logoenv-removebg-preview.png","contentUrl":"https:\/\/environmentalchange.erasmus.site\/wp-content\/uploads\/2021\/04\/cropped-logoenv-removebg-preview.png","width":969,"height":248,"caption":"Environmental Change"},"image":{"@id":"https:\/\/environmentalchange.erasmus.site\/#\/schema\/logo\/image\/"}}]}},"_links":{"self":[{"href":"https:\/\/environmentalchange.erasmus.site\/pl\/wp-json\/wp\/v2\/pages\/11","targetHints":{"allow":["GET"]}}],"collection":[{"href":"https:\/\/environmentalchange.erasmus.site\/pl\/wp-json\/wp\/v2\/pages"}],"about":[{"href":"https:\/\/environmentalchange.erasmus.site\/pl\/wp-json\/wp\/v2\/types\/page"}],"author":[{"embeddable":true,"href":"https:\/\/environmentalchange.erasmus.site\/pl\/wp-json\/wp\/v2\/users\/1"}],"replies":[{"embeddable":true,"href":"https:\/\/environmentalchange.erasmus.site\/pl\/wp-json\/wp\/v2\/comments?post=11"}],"version-history":[{"count":72,"href":"https:\/\/environmentalchange.erasmus.site\/pl\/wp-json\/wp\/v2\/pages\/11\/revisions"}],"predecessor-version":[{"id":690,"href":"https:\/\/environmentalchange.erasmus.site\/pl\/wp-json\/wp\/v2\/pages\/11\/revisions\/690"}],"wp:attachment":[{"href":"https:\/\/environmentalchange.erasmus.site\/pl\/wp-json\/wp\/v2\/media?parent=11"}],"curies":[{"name":"wp","href":"https:\/\/api.w.org\/{rel}","templated":true}]}}